{"id":19478,"date":"2023-05-09T11:08:29","date_gmt":"2023-05-09T09:08:29","guid":{"rendered":"https:\/\/rulandec.com\/o-firmie-ruland\/nachhaltigkeit-bei-ruland\/"},"modified":"2026-01-29T15:24:04","modified_gmt":"2026-01-29T14:24:04","slug":"spoleczna-odpowiedzialnosc-przedsiebiorstwa","status":"publish","type":"page","link":"https:\/\/rulandec.com\/pl\/spoleczna-odpowiedzialnosc-przedsiebiorstwa\/","title":{"rendered":"Spo\u0142eczna Odpowiedzialno\u015b\u0107 Przedsi\u0119biorstwa"},"content":{"rendered":"","protected":false},"excerpt":{"rendered":"","protected":false},"author":3,"featured_media":0,"parent":0,"menu_order":83,"comment_status":"closed","ping_status":"closed","template":"","meta":{"_acf_changed":false,"inline_featured_image":false,"footnotes":""},"class_list":["post-19478","page","type-page","status-publish","hentry"],"acf":[],"_links":{"self":[{"href":"https:\/\/rulandec.com\/pl\/wp-json\/wp\/v2\/pages\/19478","targetHints":{"allow":["GET"]}}],"collection":[{"href":"https:\/\/rulandec.com\/pl\/wp-json\/wp\/v2\/pages"}],"about":[{"href":"https:\/\/rulandec.com\/pl\/wp-json\/wp\/v2\/types\/page"}],"author":[{"embeddable":true,"href":"https:\/\/rulandec.com\/pl\/wp-json\/wp\/v2\/users\/3"}],"replies":[{"embeddable":true,"href":"https:\/\/rulandec.com\/pl\/wp-json\/wp\/v2\/comments?post=19478"}],"version-history":[{"count":15,"href":"https:\/\/rulandec.com\/pl\/wp-json\/wp\/v2\/pages\/19478\/revisions"}],"predecessor-version":[{"id":21958,"href":"https:\/\/rulandec.com\/pl\/wp-json\/wp\/v2\/pages\/19478\/revisions\/21958"}],"wp:attachment":[{"href":"https:\/\/rulandec.com\/pl\/wp-json\/wp\/v2\/media?parent=19478"}],"curies":[{"name":"wp","href":"https:\/\/api.w.org\/{rel}","templated":true}]}}