{"id":21770,"date":"2025-10-10T13:55:04","date_gmt":"2025-10-10T11:55:04","guid":{"rendered":"https:\/\/rulandec.com\/?page_id=21770"},"modified":"2026-03-11T10:44:07","modified_gmt":"2026-03-11T09:44:07","slug":"inzynieria-instalacji-dla-produkcji-napojow-i-sokow","status":"publish","type":"page","link":"https:\/\/rulandec.com\/pl\/branze\/inzynieria-instalacji-dla-produkcji-napojow-i-sokow\/","title":{"rendered":"In\u017cynieria instalacji dla produkcji napoj\u00f3w i sok\u00f3w"},"content":{"rendered":"","protected":false},"excerpt":{"rendered":"","protected":false},"author":17,"featured_media":0,"parent":2138,"menu_order":1,"comment_status":"closed","ping_status":"closed","template":"","meta":{"_acf_changed":false,"inline_featured_image":false,"footnotes":""},"class_list":["post-21770","page","type-page","status-publish","hentry"],"acf":[],"_links":{"self":[{"href":"https:\/\/rulandec.com\/pl\/wp-json\/wp\/v2\/pages\/21770","targetHints":{"allow":["GET"]}}],"collection":[{"href":"https:\/\/rulandec.com\/pl\/wp-json\/wp\/v2\/pages"}],"about":[{"href":"https:\/\/rulandec.com\/pl\/wp-json\/wp\/v2\/types\/page"}],"author":[{"embeddable":true,"href":"https:\/\/rulandec.com\/pl\/wp-json\/wp\/v2\/users\/17"}],"replies":[{"embeddable":true,"href":"https:\/\/rulandec.com\/pl\/wp-json\/wp\/v2\/comments?post=21770"}],"version-history":[{"count":8,"href":"https:\/\/rulandec.com\/pl\/wp-json\/wp\/v2\/pages\/21770\/revisions"}],"predecessor-version":[{"id":22157,"href":"https:\/\/rulandec.com\/pl\/wp-json\/wp\/v2\/pages\/21770\/revisions\/22157"}],"up":[{"embeddable":true,"href":"https:\/\/rulandec.com\/pl\/wp-json\/wp\/v2\/pages\/2138"}],"wp:attachment":[{"href":"https:\/\/rulandec.com\/pl\/wp-json\/wp\/v2\/media?parent=21770"}],"curies":[{"name":"wp","href":"https:\/\/api.w.org\/{rel}","templated":true}]}}